{"id":50,"date":"2017-05-17T09:39:48","date_gmt":"2017-05-17T07:39:48","guid":{"rendered":"http:\/\/ordnerbiene.de\/wpob\/?page_id=50"},"modified":"2017-11-17T20:16:19","modified_gmt":"2017-11-17T19:16:19","slug":"preise","status":"publish","type":"page","link":"https:\/\/ordnerbiene.de\/wpob\/preise\/","title":{"rendered":"Preise"},"content":{"rendered":"<p>Ich erbringe f\u00fcr Sie individuelle Arbeiten und jeder \u201ePapierkram\u201c ist so einzigartig wie Sie selbst, Ihre Familie oder Ihre Firma.<\/p>\n<p>Sie k\u00f6nnen mich ganz flexibel beauftragen, egal ob einmalig, regelm\u00e4\u00dfig oder immer mal wieder nach Bedarf.<\/p>\n<p>Meine Leistungen berechne ich auf Stundenbasis, nach Art, Aufwand und Umfang der Arbeiten. Gerne kalkuliere ich auch einen pauschalen Projektpreis f\u00fcr Sie.<\/p>\n<p>Porto und verwendetes B\u00fcromaterial (z. B. Aktenordner) berechne ich zum Selbstkostenpreis.<\/p>\n<p>Das pers\u00f6nliche Erstgespr\u00e4ch zum Kennenlernen biete ich Ihnen f\u00fcr 20,-\u20ac pauschal an \u2013 bei Beauftragung rechne ich Ihnen diesen Betrag wieder an.<\/p>\n","protected":false},"excerpt":{"rendered":"<p>Ich erbringe f\u00fcr Sie individuelle Arbeiten und jeder \u201ePapierkram\u201c ist so einzigartig wie Sie selbst, Ihre Familie oder Ihre Firma. Sie k\u00f6nnen mich ganz flexibel beauftragen, egal ob einmalig, regelm\u00e4\u00dfig oder immer mal wieder nach Bedarf. Meine Leistungen berechne ich auf Stundenbasis, nach Art, Aufwand und Umfang der Arbeiten. Gerne kalkuliere ich auch einen pauschalen &hellip; <\/p>\n<p class=\"link-more\"><a href=\"https:\/\/ordnerbiene.de\/wpob\/preise\/\" class=\"more-link\"><span class=\"screen-reader-text\">\u201ePreise\u201c<\/span> weiterlesen<\/a><\/p>\n","protected":false},"author":1,"featured_media":0,"parent":0,"menu_order":0,"comment_status":"closed","ping_status":"closed","template":"","meta":{"footnotes":""},"class_list":["post-50","page","type-page","status-publish","hentry"],"aioseo_notices":[],"_links":{"self":[{"href":"https:\/\/ordnerbiene.de\/wpob\/wp-json\/wp\/v2\/pages\/50","targetHints":{"allow":["GET"]}}],"collection":[{"href":"https:\/\/ordnerbiene.de\/wpob\/wp-json\/wp\/v2\/pages"}],"about":[{"href":"https:\/\/ordnerbiene.de\/wpob\/wp-json\/wp\/v2\/types\/page"}],"author":[{"embeddable":true,"href":"https:\/\/ordnerbiene.de\/wpob\/wp-json\/wp\/v2\/users\/1"}],"replies":[{"embeddable":true,"href":"https:\/\/ordnerbiene.de\/wpob\/wp-json\/wp\/v2\/comments?post=50"}],"version-history":[{"count":3,"href":"https:\/\/ordnerbiene.de\/wpob\/wp-json\/wp\/v2\/pages\/50\/revisions"}],"predecessor-version":[{"id":121,"href":"https:\/\/ordnerbiene.de\/wpob\/wp-json\/wp\/v2\/pages\/50\/revisions\/121"}],"wp:attachment":[{"href":"https:\/\/ordnerbiene.de\/wpob\/wp-json\/wp\/v2\/media?parent=50"}],"curies":[{"name":"wp","href":"https:\/\/api.w.org\/{rel}","templated":true}]}}