{"id":47,"date":"2017-05-17T09:37:17","date_gmt":"2017-05-17T07:37:17","guid":{"rendered":"http:\/\/ordnerbiene.de\/wpob\/?page_id=47"},"modified":"2017-11-17T20:11:16","modified_gmt":"2017-11-17T19:11:16","slug":"ich-biete","status":"publish","type":"page","link":"https:\/\/ordnerbiene.de\/wpob\/ich-biete\/","title":{"rendered":"Ich biete"},"content":{"rendered":"<ul>\n<li>Sortierung und Ablage Ihrer Unterlagen (nach Ihren Vorgaben oder auf Wunsch neu organisiert)<\/li>\n<li>Ordnererstellung, Ordnungssysteme und Ablagestruktur<\/li>\n<li>\u00dcbersicht und Aufstellung Ihrer Vertr\u00e4ge<\/li>\n<li>Schreibarbeiten Ihrer Korrespondenz wie Anfragen, K\u00fcndigungen von Abonnements, usw.<\/li>\n<li>Kopieren, Scannen, Mailen von Dokumenten<\/li>\n<li>Hilfe bei Bankangelegenheiten wie \u00dcberweisungen und Kontrolle von Kontoausz\u00fcgen<\/li>\n<li>\u00dcbersicht der Einnahmen und Ausgaben<\/li>\n<\/ul>\n<p>Unabh\u00e4ngig davon, welche Aufgaben ich f\u00fcr Sie \u00fcbernehme:<br \/>\nIhre Daten, Informationen und Unterlagen werden von mir selbstverst\u00e4ndlich <strong>diskret<\/strong> und <strong>vertraulich<\/strong> behandelt &#8211; <strong>ab dem ersten Termin<\/strong> und auch nach Beendigung der Zusammenarbeit.<\/p>\n","protected":false},"excerpt":{"rendered":"<p>Sortierung und Ablage Ihrer Unterlagen (nach Ihren Vorgaben oder auf Wunsch neu organisiert) Ordnererstellung, Ordnungssysteme und Ablagestruktur \u00dcbersicht und Aufstellung Ihrer Vertr\u00e4ge Schreibarbeiten Ihrer Korrespondenz wie Anfragen, K\u00fcndigungen von Abonnements, usw. Kopieren, Scannen, Mailen von Dokumenten Hilfe bei Bankangelegenheiten wie \u00dcberweisungen und Kontrolle von Kontoausz\u00fcgen \u00dcbersicht der Einnahmen und Ausgaben Unabh\u00e4ngig davon, welche Aufgaben ich &hellip; <\/p>\n<p class=\"link-more\"><a href=\"https:\/\/ordnerbiene.de\/wpob\/ich-biete\/\" class=\"more-link\"><span class=\"screen-reader-text\">\u201eIch biete\u201c<\/span> weiterlesen<\/a><\/p>\n","protected":false},"author":1,"featured_media":0,"parent":0,"menu_order":0,"comment_status":"closed","ping_status":"closed","template":"","meta":{"footnotes":""},"class_list":["post-47","page","type-page","status-publish","hentry"],"aioseo_notices":[],"_links":{"self":[{"href":"https:\/\/ordnerbiene.de\/wpob\/wp-json\/wp\/v2\/pages\/47","targetHints":{"allow":["GET"]}}],"collection":[{"href":"https:\/\/ordnerbiene.de\/wpob\/wp-json\/wp\/v2\/pages"}],"about":[{"href":"https:\/\/ordnerbiene.de\/wpob\/wp-json\/wp\/v2\/types\/page"}],"author":[{"embeddable":true,"href":"https:\/\/ordnerbiene.de\/wpob\/wp-json\/wp\/v2\/users\/1"}],"replies":[{"embeddable":true,"href":"https:\/\/ordnerbiene.de\/wpob\/wp-json\/wp\/v2\/comments?post=47"}],"version-history":[{"count":5,"href":"https:\/\/ordnerbiene.de\/wpob\/wp-json\/wp\/v2\/pages\/47\/revisions"}],"predecessor-version":[{"id":119,"href":"https:\/\/ordnerbiene.de\/wpob\/wp-json\/wp\/v2\/pages\/47\/revisions\/119"}],"wp:attachment":[{"href":"https:\/\/ordnerbiene.de\/wpob\/wp-json\/wp\/v2\/media?parent=47"}],"curies":[{"name":"wp","href":"https:\/\/api.w.org\/{rel}","templated":true}]}}