{"id":2,"date":"2017-05-16T14:44:43","date_gmt":"2017-05-16T12:44:43","guid":{"rendered":"http:\/\/ordnerbiene.de\/wpob\/?page_id=2"},"modified":"2017-11-17T20:20:03","modified_gmt":"2017-11-17T19:20:03","slug":"start","status":"publish","type":"page","link":"https:\/\/ordnerbiene.de\/wpob\/","title":{"rendered":"Start"},"content":{"rendered":"<h2 style=\"text-align: left;\">Sie widmen sich lieber den sch\u00f6nen Dingen des Lebens und Schriftverkehr und Ablage sind nicht Ihre St\u00e4rke?<\/h2>\n<p style=\"text-align: left;\">Sie haben keine Lust auf Papierkram und Zettelwirtschaft?<br \/>\nZuviel Post: Versicherungen, Rechnungen, Kontoausz\u00fcge, Zeitungen?<br \/>\nKein System in den Unterlagen oder nur lose Bl\u00e4tter?<\/p>\n<h2 style=\"text-align: left;\">Sie brauchen Unterst\u00fctzung im B\u00fcro Ihrer kleinen Firma?<\/h2>\n<p>Mit ein oder zwei Stunden pro Woche w\u00e4re Ihnen schon geholfen, das B\u00fcro wieder in Schuss zu bringen.<\/p>\n<h2>Ich kann Ihnen helfen. Zuverl\u00e4ssig &#8211; diskret!<\/h2>\n<p>Sie haben den ersten Schritt getan und mich und meine Dienstleistung entdeckt.<\/p>\n<p>Hier nehmen Sie <a href=\"http:\/\/ordnerbiene.de\/wpob\/kontakt\/\">Kontakt <\/a>mit mir auf!<\/p>\n","protected":false},"excerpt":{"rendered":"<p>Sie widmen sich lieber den sch\u00f6nen Dingen des Lebens und Schriftverkehr und Ablage sind nicht Ihre St\u00e4rke? Sie haben keine Lust auf Papierkram und Zettelwirtschaft? Zuviel Post: Versicherungen, Rechnungen, Kontoausz\u00fcge, Zeitungen? Kein System in den Unterlagen oder nur lose Bl\u00e4tter? Sie brauchen Unterst\u00fctzung im B\u00fcro Ihrer kleinen Firma? Mit ein oder zwei Stunden pro Woche &hellip; <\/p>\n<p class=\"link-more\"><a href=\"https:\/\/ordnerbiene.de\/wpob\/\" class=\"more-link\"><span class=\"screen-reader-text\">\u201eStart\u201c<\/span> weiterlesen<\/a><\/p>\n","protected":false},"author":1,"featured_media":0,"parent":0,"menu_order":0,"comment_status":"closed","ping_status":"open","template":"","meta":{"footnotes":""},"class_list":["post-2","page","type-page","status-publish","hentry"],"aioseo_notices":[],"_links":{"self":[{"href":"https:\/\/ordnerbiene.de\/wpob\/wp-json\/wp\/v2\/pages\/2","targetHints":{"allow":["GET"]}}],"collection":[{"href":"https:\/\/ordnerbiene.de\/wpob\/wp-json\/wp\/v2\/pages"}],"about":[{"href":"https:\/\/ordnerbiene.de\/wpob\/wp-json\/wp\/v2\/types\/page"}],"author":[{"embeddable":true,"href":"https:\/\/ordnerbiene.de\/wpob\/wp-json\/wp\/v2\/users\/1"}],"replies":[{"embeddable":true,"href":"https:\/\/ordnerbiene.de\/wpob\/wp-json\/wp\/v2\/comments?post=2"}],"version-history":[{"count":10,"href":"https:\/\/ordnerbiene.de\/wpob\/wp-json\/wp\/v2\/pages\/2\/revisions"}],"predecessor-version":[{"id":158,"href":"https:\/\/ordnerbiene.de\/wpob\/wp-json\/wp\/v2\/pages\/2\/revisions\/158"}],"wp:attachment":[{"href":"https:\/\/ordnerbiene.de\/wpob\/wp-json\/wp\/v2\/media?parent=2"}],"curies":[{"name":"wp","href":"https:\/\/api.w.org\/{rel}","templated":true}]}}